{"id":673,"date":"2017-08-17T14:52:35","date_gmt":"2017-08-17T21:52:35","guid":{"rendered":"https:\/\/sisu1.wpengine.com\/quality-assurance"},"modified":"2018-05-28T11:10:03","modified_gmt":"2018-05-28T18:10:03","slug":"quality-assurance","status":"publish","type":"page","link":"https:\/\/www.sisu.com\/fr\/about\/quality-assurance","title":{"rendered":"L&#8217;assurance de la qualit\u00e9"},"content":{"rendered":"<h3 class=\"blue-heading\" style=\"text-align: center;\">Nous faisons de notre mieux pour am\u00e9liorer la sant\u00e9 future des personnes et de notre monde<\/h3>\n<p style=\"text-align: center;\">Nous respectons le droit de notre client\u00e8le d\u2019exiger des produits efficaces et inoffensifs \u2013 nous s\u00e9lectionnons des ingr\u00e9dients et des dosages \u00e9prouv\u00e9s en clinique, nous r\u00e9duisons les allerg\u00e8nes et nous ciblons l\u2019\u00e9limination \u00e0 100 % du gluten et des OGM.<\/p>\n<hr style=\"border: none; width: 60%; height: 2px; background-color: #38c1d5;\" \/>\n<p style=\"text-align: center;\">Nous respectons les normes les plus \u00e9lev\u00e9es de formulation, de mise \u00e0 l\u2019essai, d\u2019\u00e9tiquetage et de marketing \u00e9tablies par Sant\u00e9 Canada afin que nos clients soient pleinement inform\u00e9s du contenu et de la valeur de chaque produit Sisu.<\/p>\n<hr style=\"border: none; width: 60%; height: 2px; background-color: #38c1d5;\" \/>\n<p style=\"text-align: center;\">Notre conditionnement haut de gamme et distinctif inclut des bouchons en \u00e9tain recyclables et des flacons bleu de cobalt enti\u00e8rement recyclables, de qualit\u00e9 pharmaceutique, en verre non lixiviant afin de prot\u00e9ger les produits en r\u00e9duisant leur exposition \u00e0 l\u2019oxyg\u00e8ne, l\u2019humidit\u00e9 et la lumi\u00e8re.<\/p>\n<hr style=\"border: none; width: 60%; height: 2px; background-color: #38c1d5;\" \/>\n<p style=\"text-align: center;\">Nos op\u00e9rations journali\u00e8res mettent en pratique nos principes de r\u00e9duction et de r\u00e9utilisation en \u00e9liminant les exp\u00e9ditions par avion, en utilisant du papier recycl\u00e9 pour les mat\u00e9riaux d\u2019emballage et du papier de bureau fabriqu\u00e9 \u00e0 partir de tige de canne \u00e0 sucre renouvelable au lieu de bois vierge, et en participant \u00e0 des programmes locaux de reclycage de papier, de plastique, de m\u00e9tal, de mati\u00e8res organiques et bien davantage encore.<\/p>\n<p style=\"text-align: center;\"><img loading=\"lazy\" decoding=\"async\" class=\"alignnone wp-image-3111 \" src=\"https:\/\/www.sisu.com\/wp-content\/uploads\/2018\/04\/493084438.png\" alt=\"\" width=\"265\" height=\"237\" srcset=\"https:\/\/www.sisu.com\/wp-content\/uploads\/2018\/04\/493084438.png 555w, https:\/\/www.sisu.com\/wp-content\/uploads\/2018\/04\/493084438-300x268.png 300w, https:\/\/www.sisu.com\/wp-content\/uploads\/2018\/04\/493084438-480x428.png 480w, https:\/\/www.sisu.com\/wp-content\/uploads\/2018\/04\/493084438-200x178.png 200w\" sizes=\"auto, (max-width: 265px) 100vw, 265px\" \/><\/p>\n<h3 class=\"blue-heading\" style=\"text-align: center;\" align=\"center\">Le respect de nos clients, de notre plan\u00e8te et de nous-m\u00eames<\/h3>\n<p align=\"center\">Il est impossible d\u2019atteindre de nouveaux sommets sans lever la t\u00eate. Chez Sisu, nous nous focalisons sur le perfectionnement continu de nos produits et de nos proc\u00e9d\u00e9s sans jamais oublier l\u2019effort honn\u00eate et soutenu qu\u2019exigent le maintien de nos propres normes et la valeur des produits Sisu auxquels se fient nos clients.<\/p>\n<p align=\"center\">Force int\u00e9rieure. Int\u00e9grit\u00e9. Pers\u00e9v\u00e9rance.<\/p>\n<p align=\"center\"><strong>Une exclusivit\u00e9 de Sisu.<\/strong><\/p>\n","protected":false},"excerpt":{"rendered":"<p>Nous faisons de notre mieux pour am\u00e9liorer la sant\u00e9 future des personnes et de notre monde Nous respectons le droit de notre client\u00e8le d\u2019exiger des produits efficaces et inoffensifs \u2013 nous s\u00e9lectionnons des ingr\u00e9dients et des dosages \u00e9prouv\u00e9s en clinique, nous r\u00e9duisons les allerg\u00e8nes et nous ciblons l\u2019\u00e9limination \u00e0 100 % du gluten et des [&hellip;]<\/p>\n","protected":false},"author":1,"featured_media":0,"parent":684,"menu_order":0,"comment_status":"closed","ping_status":"closed","template":"","meta":{"_acf_changed":false,"inline_featured_image":false,"footnotes":""},"class_list":["post-673","page","type-page","status-publish","hentry"],"acf":[],"yoast_head":"<!-- This site is optimized with the Yoast SEO plugin v27.5 - https:\/\/yoast.com\/product\/yoast-seo-wordpress\/ -->\n<title>L&#039;assurance de la qualit\u00e9 - Sisu<\/title>\n<meta name=\"description\" content=\"Remaining a trusted source of premium natural health products is our mission, done through a set of earth-friendly, customer-centred guidelines.\" \/>\n<meta name=\"robots\" content=\"index, follow, max-snippet:-1, max-image-preview:large, max-video-preview:-1\" \/>\n<link rel=\"canonical\" href=\"https:\/\/www.sisu.com\/fr\/about\/quality-assurance\" \/>\n<meta property=\"og:locale\" content=\"fr_FR\" \/>\n<meta property=\"og:type\" content=\"article\" \/>\n<meta property=\"og:title\" content=\"L&#039;assurance de la qualit\u00e9 - Sisu\" \/>\n<meta property=\"og:description\" content=\"Remaining a trusted source of premium natural health products is our mission, done through a set of earth-friendly, customer-centred guidelines.\" \/>\n<meta property=\"og:url\" content=\"https:\/\/www.sisu.com\/fr\/about\/quality-assurance\" \/>\n<meta property=\"og:site_name\" content=\"Sisu\" \/>\n<meta property=\"article:modified_time\" content=\"2018-05-28T18:10:03+00:00\" \/>\n<meta property=\"og:image\" content=\"https:\/\/www.sisu.com\/wp-content\/uploads\/2018\/04\/493084438.png\" \/>\n<meta name=\"twitter:card\" content=\"summary_large_image\" \/>\n<meta name=\"twitter:label1\" content=\"Est. reading time\" \/>\n\t<meta name=\"twitter:data1\" content=\"2 minutes\" \/>\n<script type=\"application\/ld+json\" class=\"yoast-schema-graph\">{\"@context\":\"https:\\\/\\\/schema.org\",\"@graph\":[{\"@type\":\"WebPage\",\"@id\":\"https:\\\/\\\/www.sisu.com\\\/fr\\\/about\\\/quality-assurance\",\"url\":\"https:\\\/\\\/www.sisu.com\\\/fr\\\/about\\\/quality-assurance\",\"name\":\"L'assurance de la qualit\u00e9 - Sisu\",\"isPartOf\":{\"@id\":\"https:\\\/\\\/www.sisu.com\\\/#website\"},\"primaryImageOfPage\":{\"@id\":\"https:\\\/\\\/www.sisu.com\\\/fr\\\/about\\\/quality-assurance#primaryimage\"},\"image\":{\"@id\":\"https:\\\/\\\/www.sisu.com\\\/fr\\\/about\\\/quality-assurance#primaryimage\"},\"thumbnailUrl\":\"https:\\\/\\\/www.sisu.com\\\/wp-content\\\/uploads\\\/2018\\\/04\\\/493084438.png\",\"datePublished\":\"2017-08-17T21:52:35+00:00\",\"dateModified\":\"2018-05-28T18:10:03+00:00\",\"description\":\"Remaining a trusted source of premium natural health products is our mission, done through a set of earth-friendly, customer-centred guidelines.\",\"breadcrumb\":{\"@id\":\"https:\\\/\\\/www.sisu.com\\\/fr\\\/about\\\/quality-assurance#breadcrumb\"},\"inLanguage\":\"fr-FR\",\"potentialAction\":[{\"@type\":\"ReadAction\",\"target\":[\"https:\\\/\\\/www.sisu.com\\\/fr\\\/about\\\/quality-assurance\"]}]},{\"@type\":\"ImageObject\",\"inLanguage\":\"fr-FR\",\"@id\":\"https:\\\/\\\/www.sisu.com\\\/fr\\\/about\\\/quality-assurance#primaryimage\",\"url\":\"https:\\\/\\\/www.sisu.com\\\/wp-content\\\/uploads\\\/2018\\\/04\\\/493084438.png\",\"contentUrl\":\"https:\\\/\\\/www.sisu.com\\\/wp-content\\\/uploads\\\/2018\\\/04\\\/493084438.png\"},{\"@type\":\"BreadcrumbList\",\"@id\":\"https:\\\/\\\/www.sisu.com\\\/fr\\\/about\\\/quality-assurance#breadcrumb\",\"itemListElement\":[{\"@type\":\"ListItem\",\"position\":1,\"name\":\"Home\",\"item\":\"https:\\\/\\\/www.sisu.com\\\/fr\"},{\"@type\":\"ListItem\",\"position\":2,\"name\":\"Au sujet de Sisu\",\"item\":\"https:\\\/\\\/www.sisu.com\\\/fr\\\/about\"},{\"@type\":\"ListItem\",\"position\":3,\"name\":\"L&#8217;assurance de la qualit\u00e9\"}]},{\"@type\":\"WebSite\",\"@id\":\"https:\\\/\\\/www.sisu.com\\\/#website\",\"url\":\"https:\\\/\\\/www.sisu.com\\\/\",\"name\":\"Sisu\",\"description\":\"\",\"publisher\":{\"@id\":\"https:\\\/\\\/www.sisu.com\\\/#organization\"},\"potentialAction\":[{\"@type\":\"SearchAction\",\"target\":{\"@type\":\"EntryPoint\",\"urlTemplate\":\"https:\\\/\\\/www.sisu.com\\\/?s={search_term_string}\"},\"query-input\":{\"@type\":\"PropertyValueSpecification\",\"valueRequired\":true,\"valueName\":\"search_term_string\"}}],\"inLanguage\":\"fr-FR\"},{\"@type\":\"Organization\",\"@id\":\"https:\\\/\\\/www.sisu.com\\\/#organization\",\"name\":\"SISU\",\"url\":\"https:\\\/\\\/www.sisu.com\\\/\",\"logo\":{\"@type\":\"ImageObject\",\"inLanguage\":\"fr-FR\",\"@id\":\"https:\\\/\\\/www.sisu.com\\\/#\\\/schema\\\/logo\\\/image\\\/\",\"url\":\"https:\\\/\\\/www.sisu.com\\\/wp-content\\\/uploads\\\/2018\\\/05\\\/Sisu_logo_colour.jpg\",\"contentUrl\":\"https:\\\/\\\/www.sisu.com\\\/wp-content\\\/uploads\\\/2018\\\/05\\\/Sisu_logo_colour.jpg\",\"width\":1200,\"height\":1221,\"caption\":\"SISU\"},\"image\":{\"@id\":\"https:\\\/\\\/www.sisu.com\\\/#\\\/schema\\\/logo\\\/image\\\/\"}}]}<\/script>\n<!-- \/ Yoast SEO plugin. -->","yoast_head_json":{"title":"L'assurance de la qualit\u00e9 - Sisu","description":"Remaining a trusted source of premium natural health products is our mission, done through a set of earth-friendly, customer-centred guidelines.","robots":{"index":"index","follow":"follow","max-snippet":"max-snippet:-1","max-image-preview":"max-image-preview:large","max-video-preview":"max-video-preview:-1"},"canonical":"https:\/\/www.sisu.com\/fr\/about\/quality-assurance","og_locale":"fr_FR","og_type":"article","og_title":"L'assurance de la qualit\u00e9 - Sisu","og_description":"Remaining a trusted source of premium natural health products is our mission, done through a set of earth-friendly, customer-centred guidelines.","og_url":"https:\/\/www.sisu.com\/fr\/about\/quality-assurance","og_site_name":"Sisu","article_modified_time":"2018-05-28T18:10:03+00:00","og_image":[{"url":"https:\/\/www.sisu.com\/wp-content\/uploads\/2018\/04\/493084438.png","type":"","width":"","height":""}],"twitter_card":"summary_large_image","twitter_misc":{"Est. reading time":"2 minutes"},"schema":{"@context":"https:\/\/schema.org","@graph":[{"@type":"WebPage","@id":"https:\/\/www.sisu.com\/fr\/about\/quality-assurance","url":"https:\/\/www.sisu.com\/fr\/about\/quality-assurance","name":"L'assurance de la qualit\u00e9 - Sisu","isPartOf":{"@id":"https:\/\/www.sisu.com\/#website"},"primaryImageOfPage":{"@id":"https:\/\/www.sisu.com\/fr\/about\/quality-assurance#primaryimage"},"image":{"@id":"https:\/\/www.sisu.com\/fr\/about\/quality-assurance#primaryimage"},"thumbnailUrl":"https:\/\/www.sisu.com\/wp-content\/uploads\/2018\/04\/493084438.png","datePublished":"2017-08-17T21:52:35+00:00","dateModified":"2018-05-28T18:10:03+00:00","description":"Remaining a trusted source of premium natural health products is our mission, done through a set of earth-friendly, customer-centred guidelines.","breadcrumb":{"@id":"https:\/\/www.sisu.com\/fr\/about\/quality-assurance#breadcrumb"},"inLanguage":"fr-FR","potentialAction":[{"@type":"ReadAction","target":["https:\/\/www.sisu.com\/fr\/about\/quality-assurance"]}]},{"@type":"ImageObject","inLanguage":"fr-FR","@id":"https:\/\/www.sisu.com\/fr\/about\/quality-assurance#primaryimage","url":"https:\/\/www.sisu.com\/wp-content\/uploads\/2018\/04\/493084438.png","contentUrl":"https:\/\/www.sisu.com\/wp-content\/uploads\/2018\/04\/493084438.png"},{"@type":"BreadcrumbList","@id":"https:\/\/www.sisu.com\/fr\/about\/quality-assurance#breadcrumb","itemListElement":[{"@type":"ListItem","position":1,"name":"Home","item":"https:\/\/www.sisu.com\/fr"},{"@type":"ListItem","position":2,"name":"Au sujet de Sisu","item":"https:\/\/www.sisu.com\/fr\/about"},{"@type":"ListItem","position":3,"name":"L&#8217;assurance de la qualit\u00e9"}]},{"@type":"WebSite","@id":"https:\/\/www.sisu.com\/#website","url":"https:\/\/www.sisu.com\/","name":"Sisu","description":"","publisher":{"@id":"https:\/\/www.sisu.com\/#organization"},"potentialAction":[{"@type":"SearchAction","target":{"@type":"EntryPoint","urlTemplate":"https:\/\/www.sisu.com\/?s={search_term_string}"},"query-input":{"@type":"PropertyValueSpecification","valueRequired":true,"valueName":"search_term_string"}}],"inLanguage":"fr-FR"},{"@type":"Organization","@id":"https:\/\/www.sisu.com\/#organization","name":"SISU","url":"https:\/\/www.sisu.com\/","logo":{"@type":"ImageObject","inLanguage":"fr-FR","@id":"https:\/\/www.sisu.com\/#\/schema\/logo\/image\/","url":"https:\/\/www.sisu.com\/wp-content\/uploads\/2018\/05\/Sisu_logo_colour.jpg","contentUrl":"https:\/\/www.sisu.com\/wp-content\/uploads\/2018\/05\/Sisu_logo_colour.jpg","width":1200,"height":1221,"caption":"SISU"},"image":{"@id":"https:\/\/www.sisu.com\/#\/schema\/logo\/image\/"}}]}},"_links":{"self":[{"href":"https:\/\/www.sisu.com\/fr\/wp-json\/wp\/v2\/pages\/673","targetHints":{"allow":["GET"]}}],"collection":[{"href":"https:\/\/www.sisu.com\/fr\/wp-json\/wp\/v2\/pages"}],"about":[{"href":"https:\/\/www.sisu.com\/fr\/wp-json\/wp\/v2\/types\/page"}],"author":[{"embeddable":true,"href":"https:\/\/www.sisu.com\/fr\/wp-json\/wp\/v2\/users\/1"}],"replies":[{"embeddable":true,"href":"https:\/\/www.sisu.com\/fr\/wp-json\/wp\/v2\/comments?post=673"}],"version-history":[{"count":0,"href":"https:\/\/www.sisu.com\/fr\/wp-json\/wp\/v2\/pages\/673\/revisions"}],"up":[{"embeddable":true,"href":"https:\/\/www.sisu.com\/fr\/wp-json\/wp\/v2\/pages\/684"}],"wp:attachment":[{"href":"https:\/\/www.sisu.com\/fr\/wp-json\/wp\/v2\/media?parent=673"}],"curies":[{"name":"wp","href":"https:\/\/api.w.org\/{rel}","templated":true}]}}